{"id":41,"date":"2012-12-07T11:12:13","date_gmt":"2012-12-07T13:12:13","guid":{"rendered":"http:\/\/opicareta.com.br\/?page_id=41"},"modified":"2012-12-07T13:42:44","modified_gmt":"2012-12-07T15:42:44","slug":"sistemas-cordon","status":"publish","type":"page","link":"http:\/\/opicareta.com.br\/?page_id=41","title":{"rendered":"Sistemas CORDON"},"content":{"rendered":"<p style=\"text-align: center;\"><img loading=\"lazy\" decoding=\"async\" class=\"aligncenter size-full wp-image-45\" title=\"pastedpic_03052010_082458\" src=\"http:\/\/opicareta.com.br\/wp-content\/uploads\/2012\/12\/pastedpic_03052010_082458-e1354886458363.png\" alt=\"\" width=\"232\" height=\"163\" \/><\/p>\n<p style=\"text-align: justify;\">A Sistemas CORDON est\u00e1 a 19 anos no mercado atuando na \u00e1rea de sistemas de inform\u00e1tica desenvolvidos especificamente para administra\u00e7\u00e3o e gerenciamento de imobili\u00e1rias e loteadoras.<\/p>\n<p style=\"text-align: justify;\">Um sistema deve melhorar a rotina da empresa, reduzir a quantidade de trabalho, agilizar tudo que j\u00e1 \u00e9 feito e \u00e9 claro apresentar novas op\u00e7\u00f5es que mais ainda ir\u00e3o maximizar o ganho da empresa e , \u00e9 claro, reduzir seus custos e tempo perdido.\u00a0\u00c9 isso ent\u00e3o que a Sistemas CORDON busca desde o in\u00edcio, novas tecnologias aliadas a praticidade, inova\u00e7\u00e3o em favor da forma de trabalho, mudan\u00e7a sempre pra melhor.<\/p>\n<p style=\"text-align: justify;\">Possu\u00edmos uma equipe de profissionais qualificados, dispostos a sanar d\u00favidas e garantir a melhor solu\u00e7\u00e3o a todo momento.\u00a0Com uma pol\u00edtica clara e objetiva, facilitando o di\u00e1logo com colaboradores e clientes a Sistemas CORDON agradece a colabora\u00e7\u00e3o de todos, ao longo dos 19 anos e com muito orgulho podemos dizer que somos vencedores!<\/p>\n<p style=\"text-align: justify;\">Atualmente contamos com tr\u00eas produtos para facilitar o trabalho da sua empresa:<\/p>\n<p style=\"text-align: center;\"><strong>CdAdm<\/strong><\/p>\n<p style=\"text-align: justify;\">Administrador de contratos que conta com: emiss\u00e3o de contratos de loca\u00e7\u00e3o e venda, gerenciamento de recebimentos e cobran\u00e7as, emiss\u00e3o de boletos, recibos e relat\u00f3rios de controle financeiro e muitos outros detalhes que far\u00e3o da administra\u00e7\u00e3o da sua carteira de im\u00f3veis um servi\u00e7o f\u00e1cil, pr\u00e1tico e \u00e1gil.<\/p>\n<p style=\"text-align: center;\">\u00a0<a style=\"text-align: center;\" href=\"http:\/\/www.scordon.com.br\/cordon\/index.php?option=produtos&amp;prod=cdadm\" target=\"_blank\"><strong>Conhe\u00e7a o CdAdm<\/strong><\/a><\/p>\n<p style=\"text-align: center;\">\n<p style=\"text-align: center;\"><a href=\"http:\/\/opicareta.com.br\/wp-content\/uploads\/2012\/12\/pastedpic_03052010_090151.png\"><img loading=\"lazy\" decoding=\"async\" class=\"aligncenter size-full wp-image-53\" title=\"pastedpic_03052010_090151\" src=\"http:\/\/opicareta.com.br\/wp-content\/uploads\/2012\/12\/pastedpic_03052010_090151-e1354894918753.png\" alt=\"\" width=\"232\" height=\"195\" \/><\/a><\/p>\n<p style=\"text-align: center;\"><strong>CdFin<\/strong><\/p>\n<p style=\"text-align: justify;\">Administrador financeiro, contas a pagar, contas a receber, fluxo de caixa, controle de caixa, extrato, controle banc\u00e1rio, rateio, concilia\u00e7\u00e3o e emiss\u00e3o de relat\u00f3rios de acompanhamento, integrado ao Cdadm.<\/p>\n<p style=\"text-align: center;\"><a href=\"http:\/\/www.scordon.com.br\/cordon\/index.php?option=produtos&amp;prod=cdfin\" target=\"_blank\"><strong>Conhe\u00e7a o CdFin<\/strong><\/a><\/p>\n<p style=\"text-align: center;\">\n<p style=\"text-align: center;\"><a href=\"http:\/\/opicareta.com.br\/wp-content\/uploads\/2012\/12\/pastedpic_03052010_091231.png\"><img loading=\"lazy\" decoding=\"async\" class=\"aligncenter size-full wp-image-54\" title=\"pastedpic_03052010_091231\" src=\"http:\/\/opicareta.com.br\/wp-content\/uploads\/2012\/12\/pastedpic_03052010_091231-e1354894953744.png\" alt=\"\" width=\"232\" height=\"203\" \/><\/a><\/p>\n<p style=\"text-align: center;\"><strong>CdWeb<\/strong><\/p>\n<p style=\"text-align: justify;\">Cria\u00e7\u00e3o e gerenciamento de sites integrado ao CdAdm, se comunica com o sistema n\u00e3o sendo \u00a0necess\u00e1rio controlar o site separadamente, mapa de localiza\u00e7\u00e3o, \u00e1lbum, personaliza\u00e7\u00e3o e identidade visual da sua empresa.<\/p>\n<p style=\"text-align: center;\"><a href=\"http:\/\/www.scordon.com.br\/cordon\/index.php?option=produtos&amp;prod=cdweb\" target=\"_blank\"><strong>Conhe\u00e7a o CdWeb<\/strong><\/a><\/p>\n<p style=\"text-align: center;\">Sistemas CORDON solu\u00e7\u00f5es inteligentes para sua empresa.<\/p>\n","protected":false},"excerpt":{"rendered":"<p>A Sistemas CORDON est\u00e1 a 19 anos no mercado atuando na \u00e1rea de sistemas de inform\u00e1tica desenvolvidos especificamente para administra\u00e7\u00e3o e gerenciamento de imobili\u00e1rias e loteadoras. Um sistema deve melhorar &hellip; <a class=\"readmore\" href=\"http:\/\/opicareta.com.br\/?page_id=41\">Continue Reading &rarr;<\/a><\/p>\n","protected":false},"author":1,"featured_media":0,"parent":0,"menu_order":0,"comment_status":"open","ping_status":"open","template":"","meta":{"footnotes":""},"class_list":["post-41","page","type-page","status-publish","hentry"],"_links":{"self":[{"href":"http:\/\/opicareta.com.br\/index.php?rest_route=\/wp\/v2\/pages\/41"}],"collection":[{"href":"http:\/\/opicareta.com.br\/index.php?rest_route=\/wp\/v2\/pages"}],"about":[{"href":"http:\/\/opicareta.com.br\/index.php?rest_route=\/wp\/v2\/types\/page"}],"author":[{"embeddable":true,"href":"http:\/\/opicareta.com.br\/index.php?rest_route=\/wp\/v2\/users\/1"}],"replies":[{"embeddable":true,"href":"http:\/\/opicareta.com.br\/index.php?rest_route=%2Fwp%2Fv2%2Fcomments&post=41"}],"version-history":[{"count":8,"href":"http:\/\/opicareta.com.br\/index.php?rest_route=\/wp\/v2\/pages\/41\/revisions"}],"predecessor-version":[{"id":46,"href":"http:\/\/opicareta.com.br\/index.php?rest_route=\/wp\/v2\/pages\/41\/revisions\/46"}],"wp:attachment":[{"href":"http:\/\/opicareta.com.br\/index.php?rest_route=%2Fwp%2Fv2%2Fmedia&parent=41"}],"curies":[{"name":"wp","href":"https:\/\/api.w.org\/{rel}","templated":true}]}}